{"id":2579,"date":"2025-10-14T16:39:18","date_gmt":"2025-10-14T14:39:18","guid":{"rendered":"https:\/\/www.revelomallorca.es\/terms-and-conditions\/"},"modified":"2025-10-14T18:21:03","modified_gmt":"2025-10-14T16:21:03","slug":"terminos-y-condiciones","status":"publish","type":"page","link":"https:\/\/www.revelomallorca.es\/es\/terminos-y-condiciones\/","title":{"rendered":"Terminos y Condiciones"},"content":{"rendered":"[vc_row type=\u00bbin_container\u00bb full_screen_row_position=\u00bbmiddle\u00bb column_margin=\u00bbdefault\u00bb column_direction=\u00bbdefault\u00bb column_direction_tablet=\u00bbdefault\u00bb column_direction_phone=\u00bbdefault\u00bb scene_position=\u00bbcenter\u00bb text_color=\u00bbdark\u00bb text_align=\u00bbleft\u00bb row_border_radius=\u00bbnone\u00bb row_border_radius_applies=\u00bbbg\u00bb overflow=\u00bbvisible\u00bb overlay_strength=\u00bb0.3&#8243; gradient_direction=\u00bbleft_to_right\u00bb shape_divider_position=\u00bbbottom\u00bb bg_image_animation=\u00bbnone\u00bb][vc_column column_padding=\u00bbno-extra-padding\u00bb column_padding_tablet=\u00bbinherit\u00bb column_padding_phone=\u00bbinherit\u00bb column_padding_position=\u00bball\u00bb column_element_direction_desktop=\u00bbdefault\u00bb column_element_spacing=\u00bbdefault\u00bb desktop_text_alignment=\u00bbdefault\u00bb tablet_text_alignment=\u00bbdefault\u00bb phone_text_alignment=\u00bbdefault\u00bb background_color_opacity=\u00bb1&#8243; background_hover_color_opacity=\u00bb1&#8243; column_backdrop_filter=\u00bbnone\u00bb column_shadow=\u00bbnone\u00bb column_border_radius=\u00bbnone\u00bb column_link_target=\u00bb_self\u00bb column_position=\u00bbdefault\u00bb gradient_direction=\u00bbleft_to_right\u00bb overlay_strength=\u00bb0.3&#8243; width=\u00bb1\/1&#8243; tablet_width_inherit=\u00bbdefault\u00bb animation_type=\u00bbdefault\u00bb bg_image_animation=\u00bbnone\u00bb border_type=\u00bbsimple\u00bb column_border_width=\u00bbnone\u00bb column_border_style=\u00bbsolid\u00bb][vc_column_text css=\u00bb\u00bb text_direction=\u00bbdefault\u00bb]<strong>Terminos y Condiciones del alquiler de bicicletas:<\/strong><\/p>\n<p>Elalquiler de bicicletas es un servicio propocinado por Revelo Mallorca.<\/p>\n<p>Revelo Mallorca es el prorpietario de las bicicletas de alquiler y del equipamiento que se expone en este contrato de arrendamiento. Para asegurar que la bicicleta y el equipo se utiliza correctamente y para garantizar que cada usuario se comporta de manera responsable, y tiene la mejor experiencia posible, el arrendatario est\u00e0 de acuerdo en:<\/p>\n<ol>\n<li>Ser responsable del cuidado y devolucion de la bicicleta y los accesorios (candados, casco, llaves, ect&#8230;). Las bicicletas ser\u00e0n ispeccionadas al momento de su entrega. Han de ser devueltas en el mismo estado que al ser alquiladas, haci\u00e8ndose cargo el usuario de qualquier desperfecto ocasionado. En caso de robo o p\u00e8rdita del material o de la bicicleta, el usuario tendr\u00e0 la obligacion de abonar a Revelo Mallorca el importe del material\/bicileta sustraido.<\/li>\n<li>El usuario conoce y se compromete a respectar las leyes y normas de trafico y es responsable de todo da\u00f1o causado (a s\u00ed mismo o a terceras personas\/cosas) como consecuencia de cualquier accidente durante el uso de bicicleta.<\/li>\n<li>Revelo Mallorca no se hace responsable de ning\u00fan tipo de reclamaciones. En caso de robo de la bicicletas, el arrendador deber\u00e1 pagar el importe total de la misma.<\/li>\n<li>Se realizar\u00e1 una fotografia del DNI\/Carenet de conducir del arrendatario.<\/li>\n<li>No se efectuar\u00e1 reembolso por devoluci\u00f3n antes de la hora estipulada en el contrato.<\/li>\n<li>El retraso en devoluci\u00f3n de la\/s bicicleta\/s supondr\u00e1 el abono de la tarifa correspondiente.<\/li>\n<li>Se solicitar\u00e1 una fianza de 100\u20ac, que ser\u00e1 devuelta al momento de la entrega de la bicicleta siempre que no se detecten da\u00f1os en la misma ni en los accesorios entregados.<\/li>\n<\/ol>\n[\/vc_column_text][\/vc_column][\/vc_row]\n","protected":false},"excerpt":{"rendered":"<p>[vc_row type=\u00bbin_container\u00bb full_screen_row_position=\u00bbmiddle\u00bb column_margin=\u00bbdefault\u00bb column_direction=\u00bbdefault\u00bb column_direction_tablet=\u00bbdefault\u00bb column_direction_phone=\u00bbdefault\u00bb scene_position=\u00bbcenter\u00bb text_color=\u00bbdark\u00bb text_align=\u00bbleft\u00bb row_border_radius=\u00bbnone\u00bb row_border_radius_applies=\u00bbbg\u00bb overflow=\u00bbvisible\u00bb overlay_strength=\u00bb0.3&#8243; gradient_direction=\u00bbleft_to_right\u00bb shape_divider_position=\u00bbbottom\u00bb bg_image_animation=\u00bbnone\u00bb][vc_column column_padding=\u00bbno-extra-padding\u00bb column_padding_tablet=\u00bbinherit\u00bb column_padding_phone=\u00bbinherit\u00bb column_padding_position=\u00bball\u00bb column_element_direction_desktop=\u00bbdefault\u00bb column_element_spacing=\u00bbdefault\u00bb desktop_text_alignment=\u00bbdefault\u00bb tablet_text_alignment=\u00bbdefault\u00bb phone_text_alignment=\u00bbdefault\u00bb background_color_opacity=\u00bb1&#8243; background_hover_color_opacity=\u00bb1&#8243; column_backdrop_filter=\u00bbnone\u00bb column_shadow=\u00bbnone\u00bb&#8230;<\/p>\n","protected":false},"author":1,"featured_media":0,"parent":0,"menu_order":0,"comment_status":"closed","ping_status":"closed","template":"","meta":{"footnotes":""},"class_list":["post-2579","page","type-page","status-publish"],"yoast_head":"<!-- This site is optimized with the Yoast SEO plugin v26.1.1 - https:\/\/yoast.com\/wordpress\/plugins\/seo\/ -->\n<title>Terminos y Condiciones - Revelo Mallorca<\/title>\n<meta name=\"robots\" content=\"index, follow, max-snippet:-1, max-image-preview:large, max-video-preview:-1\" \/>\n<link rel=\"canonical\" href=\"https:\/\/www.revelomallorca.es\/es\/terminos-y-condiciones\/\" \/>\n<meta property=\"og:locale\" content=\"es_ES\" \/>\n<meta property=\"og:type\" content=\"article\" \/>\n<meta property=\"og:title\" content=\"Terminos y Condiciones - Revelo Mallorca\" \/>\n<meta property=\"og:description\" content=\"[vc_row type=\u00bbin_container\u00bb full_screen_row_position=\u00bbmiddle\u00bb column_margin=\u00bbdefault\u00bb column_direction=\u00bbdefault\u00bb column_direction_tablet=\u00bbdefault\u00bb column_direction_phone=\u00bbdefault\u00bb scene_position=\u00bbcenter\u00bb text_color=\u00bbdark\u00bb text_align=\u00bbleft\u00bb row_border_radius=\u00bbnone\u00bb row_border_radius_applies=\u00bbbg\u00bb overflow=\u00bbvisible\u00bb overlay_strength=\u00bb0.3&#8243; gradient_direction=\u00bbleft_to_right\u00bb shape_divider_position=\u00bbbottom\u00bb bg_image_animation=\u00bbnone\u00bb][vc_column column_padding=\u00bbno-extra-padding\u00bb column_padding_tablet=\u00bbinherit\u00bb column_padding_phone=\u00bbinherit\u00bb column_padding_position=\u00bball\u00bb column_element_direction_desktop=\u00bbdefault\u00bb column_element_spacing=\u00bbdefault\u00bb desktop_text_alignment=\u00bbdefault\u00bb tablet_text_alignment=\u00bbdefault\u00bb phone_text_alignment=\u00bbdefault\u00bb background_color_opacity=\u00bb1&#8243; background_hover_color_opacity=\u00bb1&#8243; column_backdrop_filter=\u00bbnone\u00bb column_shadow=\u00bbnone\u00bb...\" \/>\n<meta property=\"og:url\" content=\"https:\/\/www.revelomallorca.es\/es\/terminos-y-condiciones\/\" \/>\n<meta property=\"og:site_name\" content=\"Revelo Mallorca\" \/>\n<meta property=\"article:modified_time\" content=\"2025-10-14T16:21:03+00:00\" \/>\n<meta name=\"twitter:card\" content=\"summary_large_image\" \/>\n<meta name=\"twitter:label1\" content=\"Tiempo de lectura\" \/>\n\t<meta name=\"twitter:data1\" content=\"2 minutos\" \/>\n<script type=\"application\/ld+json\" class=\"yoast-schema-graph\">{\"@context\":\"https:\/\/schema.org\",\"@graph\":[{\"@type\":\"WebPage\",\"@id\":\"https:\/\/www.revelomallorca.es\/es\/terminos-y-condiciones\/\",\"url\":\"https:\/\/www.revelomallorca.es\/es\/terminos-y-condiciones\/\",\"name\":\"Terminos y Condiciones - Revelo Mallorca\",\"isPartOf\":{\"@id\":\"https:\/\/www.revelomallorca.es\/#website\"},\"datePublished\":\"2025-10-14T14:39:18+00:00\",\"dateModified\":\"2025-10-14T16:21:03+00:00\",\"breadcrumb\":{\"@id\":\"https:\/\/www.revelomallorca.es\/es\/terminos-y-condiciones\/#breadcrumb\"},\"inLanguage\":\"es\",\"potentialAction\":[{\"@type\":\"ReadAction\",\"target\":[\"https:\/\/www.revelomallorca.es\/es\/terminos-y-condiciones\/\"]}]},{\"@type\":\"BreadcrumbList\",\"@id\":\"https:\/\/www.revelomallorca.es\/es\/terminos-y-condiciones\/#breadcrumb\",\"itemListElement\":[{\"@type\":\"ListItem\",\"position\":1,\"name\":\"Home\",\"item\":\"https:\/\/www.revelomallorca.es\/es\/\"},{\"@type\":\"ListItem\",\"position\":2,\"name\":\"Terminos y Condiciones\"}]},{\"@type\":\"WebSite\",\"@id\":\"https:\/\/www.revelomallorca.es\/#website\",\"url\":\"https:\/\/www.revelomallorca.es\/\",\"name\":\"Revelo Mallorca - Bike Rental\",\"description\":\"\",\"publisher\":{\"@id\":\"https:\/\/www.revelomallorca.es\/#organization\"},\"potentialAction\":[{\"@type\":\"SearchAction\",\"target\":{\"@type\":\"EntryPoint\",\"urlTemplate\":\"https:\/\/www.revelomallorca.es\/?s={search_term_string}\"},\"query-input\":{\"@type\":\"PropertyValueSpecification\",\"valueRequired\":true,\"valueName\":\"search_term_string\"}}],\"inLanguage\":\"es\"},{\"@type\":\"Organization\",\"@id\":\"https:\/\/www.revelomallorca.es\/#organization\",\"name\":\"Revelo Mallorca - Bike Rental\",\"url\":\"https:\/\/www.revelomallorca.es\/\",\"logo\":{\"@type\":\"ImageObject\",\"inLanguage\":\"es\",\"@id\":\"https:\/\/www.revelomallorca.es\/#\/schema\/logo\/image\/\",\"url\":\"https:\/\/www.revelomallorca.es\/wp-content\/uploads\/2025\/09\/Revelo-logo-black.png\",\"contentUrl\":\"https:\/\/www.revelomallorca.es\/wp-content\/uploads\/2025\/09\/Revelo-logo-black.png\",\"width\":1188,\"height\":366,\"caption\":\"Revelo Mallorca - Bike Rental\"},\"image\":{\"@id\":\"https:\/\/www.revelomallorca.es\/#\/schema\/logo\/image\/\"},\"sameAs\":[\"https:\/\/www.instagram.com\/revelomallorca\/\"]}]}<\/script>\n<!-- \/ Yoast SEO plugin. -->","yoast_head_json":{"title":"Terminos y Condiciones - Revelo Mallorca","robots":{"index":"index","follow":"follow","max-snippet":"max-snippet:-1","max-image-preview":"max-image-preview:large","max-video-preview":"max-video-preview:-1"},"canonical":"https:\/\/www.revelomallorca.es\/es\/terminos-y-condiciones\/","og_locale":"es_ES","og_type":"article","og_title":"Terminos y Condiciones - Revelo Mallorca","og_description":"[vc_row type=\u00bbin_container\u00bb full_screen_row_position=\u00bbmiddle\u00bb column_margin=\u00bbdefault\u00bb column_direction=\u00bbdefault\u00bb column_direction_tablet=\u00bbdefault\u00bb column_direction_phone=\u00bbdefault\u00bb scene_position=\u00bbcenter\u00bb text_color=\u00bbdark\u00bb text_align=\u00bbleft\u00bb row_border_radius=\u00bbnone\u00bb row_border_radius_applies=\u00bbbg\u00bb overflow=\u00bbvisible\u00bb overlay_strength=\u00bb0.3&#8243; gradient_direction=\u00bbleft_to_right\u00bb shape_divider_position=\u00bbbottom\u00bb bg_image_animation=\u00bbnone\u00bb][vc_column column_padding=\u00bbno-extra-padding\u00bb column_padding_tablet=\u00bbinherit\u00bb column_padding_phone=\u00bbinherit\u00bb column_padding_position=\u00bball\u00bb column_element_direction_desktop=\u00bbdefault\u00bb column_element_spacing=\u00bbdefault\u00bb desktop_text_alignment=\u00bbdefault\u00bb tablet_text_alignment=\u00bbdefault\u00bb phone_text_alignment=\u00bbdefault\u00bb background_color_opacity=\u00bb1&#8243; background_hover_color_opacity=\u00bb1&#8243; column_backdrop_filter=\u00bbnone\u00bb column_shadow=\u00bbnone\u00bb...","og_url":"https:\/\/www.revelomallorca.es\/es\/terminos-y-condiciones\/","og_site_name":"Revelo Mallorca","article_modified_time":"2025-10-14T16:21:03+00:00","twitter_card":"summary_large_image","twitter_misc":{"Tiempo de lectura":"2 minutos"},"schema":{"@context":"https:\/\/schema.org","@graph":[{"@type":"WebPage","@id":"https:\/\/www.revelomallorca.es\/es\/terminos-y-condiciones\/","url":"https:\/\/www.revelomallorca.es\/es\/terminos-y-condiciones\/","name":"Terminos y Condiciones - Revelo Mallorca","isPartOf":{"@id":"https:\/\/www.revelomallorca.es\/#website"},"datePublished":"2025-10-14T14:39:18+00:00","dateModified":"2025-10-14T16:21:03+00:00","breadcrumb":{"@id":"https:\/\/www.revelomallorca.es\/es\/terminos-y-condiciones\/#breadcrumb"},"inLanguage":"es","potentialAction":[{"@type":"ReadAction","target":["https:\/\/www.revelomallorca.es\/es\/terminos-y-condiciones\/"]}]},{"@type":"BreadcrumbList","@id":"https:\/\/www.revelomallorca.es\/es\/terminos-y-condiciones\/#breadcrumb","itemListElement":[{"@type":"ListItem","position":1,"name":"Home","item":"https:\/\/www.revelomallorca.es\/es\/"},{"@type":"ListItem","position":2,"name":"Terminos y Condiciones"}]},{"@type":"WebSite","@id":"https:\/\/www.revelomallorca.es\/#website","url":"https:\/\/www.revelomallorca.es\/","name":"Revelo Mallorca - Bike Rental","description":"","publisher":{"@id":"https:\/\/www.revelomallorca.es\/#organization"},"potentialAction":[{"@type":"SearchAction","target":{"@type":"EntryPoint","urlTemplate":"https:\/\/www.revelomallorca.es\/?s={search_term_string}"},"query-input":{"@type":"PropertyValueSpecification","valueRequired":true,"valueName":"search_term_string"}}],"inLanguage":"es"},{"@type":"Organization","@id":"https:\/\/www.revelomallorca.es\/#organization","name":"Revelo Mallorca - Bike Rental","url":"https:\/\/www.revelomallorca.es\/","logo":{"@type":"ImageObject","inLanguage":"es","@id":"https:\/\/www.revelomallorca.es\/#\/schema\/logo\/image\/","url":"https:\/\/www.revelomallorca.es\/wp-content\/uploads\/2025\/09\/Revelo-logo-black.png","contentUrl":"https:\/\/www.revelomallorca.es\/wp-content\/uploads\/2025\/09\/Revelo-logo-black.png","width":1188,"height":366,"caption":"Revelo Mallorca - Bike Rental"},"image":{"@id":"https:\/\/www.revelomallorca.es\/#\/schema\/logo\/image\/"},"sameAs":["https:\/\/www.instagram.com\/revelomallorca\/"]}]}},"_links":{"self":[{"href":"https:\/\/www.revelomallorca.es\/es\/wp-json\/wp\/v2\/pages\/2579","targetHints":{"allow":["GET"]}}],"collection":[{"href":"https:\/\/www.revelomallorca.es\/es\/wp-json\/wp\/v2\/pages"}],"about":[{"href":"https:\/\/www.revelomallorca.es\/es\/wp-json\/wp\/v2\/types\/page"}],"author":[{"embeddable":true,"href":"https:\/\/www.revelomallorca.es\/es\/wp-json\/wp\/v2\/users\/1"}],"replies":[{"embeddable":true,"href":"https:\/\/www.revelomallorca.es\/es\/wp-json\/wp\/v2\/comments?post=2579"}],"version-history":[{"count":2,"href":"https:\/\/www.revelomallorca.es\/es\/wp-json\/wp\/v2\/pages\/2579\/revisions"}],"predecessor-version":[{"id":2581,"href":"https:\/\/www.revelomallorca.es\/es\/wp-json\/wp\/v2\/pages\/2579\/revisions\/2581"}],"wp:attachment":[{"href":"https:\/\/www.revelomallorca.es\/es\/wp-json\/wp\/v2\/media?parent=2579"}],"curies":[{"name":"wp","href":"https:\/\/api.w.org\/{rel}","templated":true}]}}